{"id":5101,"date":"2024-02-20T22:24:43","date_gmt":"2024-02-20T21:24:43","guid":{"rendered":"http:\/\/viktorianeckarhausen.de\/?page_id=5101"},"modified":"2024-02-20T22:24:44","modified_gmt":"2024-02-20T21:24:44","slug":"mitgliedsantrag-online","status":"publish","type":"page","link":"http:\/\/viktorianeckarhausen.de\/?page_id=5101","title":{"rendered":"Mitgliedsantrag &#8211; Online"},"content":{"rendered":"\n<div class=\"wp-block-contact-form-7-contact-form-selector\">\n<div class=\"wpcf7 no-js\" id=\"wpcf7-f5100-o1\" lang=\"de-DE\" dir=\"ltr\" data-wpcf7-id=\"5100\">\n<div class=\"screen-reader-response\"><p role=\"status\" aria-live=\"polite\" aria-atomic=\"true\"><\/p> <ul><\/ul><\/div>\n<form action=\"\/index.php?rest_route=%2Fwp%2Fv2%2Fpages%2F5101#wpcf7-f5100-o1\" method=\"post\" class=\"wpcf7-form init\" aria-label=\"Kontaktformular\" novalidate=\"novalidate\" data-status=\"init\">\n<fieldset class=\"hidden-fields-container\"><input type=\"hidden\" name=\"_wpcf7\" value=\"5100\" \/><input type=\"hidden\" name=\"_wpcf7_version\" value=\"6.1.5\" \/><input type=\"hidden\" name=\"_wpcf7_locale\" value=\"de_DE\" \/><input type=\"hidden\" name=\"_wpcf7_unit_tag\" value=\"wpcf7-f5100-o1\" \/><input type=\"hidden\" name=\"_wpcf7_container_post\" value=\"0\" \/><input type=\"hidden\" name=\"_wpcf7_posted_data_hash\" value=\"\" \/>\n<\/fieldset>\n<p><label> Vorname<br \/>\n<span class=\"wpcf7-form-control-wrap\" data-name=\"Vorname\"><input size=\"40\" maxlength=\"400\" class=\"wpcf7-form-control wpcf7-text wpcf7-validates-as-required\" aria-required=\"true\" aria-invalid=\"false\" placeholder=\"Dein Vorname\" value=\"\" type=\"text\" name=\"Vorname\" \/><\/span> <\/label>\n<\/p>\n<p><label> Nachname<br \/>\n<span class=\"wpcf7-form-control-wrap\" data-name=\"Nachname\"><input size=\"40\" maxlength=\"400\" class=\"wpcf7-form-control wpcf7-text wpcf7-validates-as-required\" aria-required=\"true\" aria-invalid=\"false\" placeholder=\"Dein Nachname\" value=\"\" type=\"text\" name=\"Nachname\" \/><\/span> <\/label>\n<\/p>\n<p><label> Geburtsdatum<br \/>\n<span class=\"wpcf7-form-control-wrap\" data-name=\"Geburtsdatum\"><input class=\"wpcf7-form-control wpcf7-date wpcf7-validates-as-required wpcf7-validates-as-date\" aria-required=\"true\" aria-invalid=\"false\" placeholder=\"Geburtsdatum\" value=\"\" type=\"date\" name=\"Geburtsdatum\" \/><\/span> <\/label>\n<\/p>\n<p><label> Nationalit\u00e4t (optional)<br \/>\n<span class=\"wpcf7-form-control-wrap\" data-name=\"Nationalitaet\"><input size=\"40\" maxlength=\"400\" class=\"wpcf7-form-control wpcf7-text\" aria-invalid=\"false\" placeholder=\"Nationalit\u00e4t\" value=\"\" type=\"text\" name=\"Nationalitaet\" \/><\/span><\/label>\n<\/p>\n<p><label> Bei Minderj\u00e4hrigen Namen der Eltern (optional)<br \/>\n<span class=\"wpcf7-form-control-wrap\" data-name=\"Elternname\"><input size=\"40\" maxlength=\"400\" class=\"wpcf7-form-control wpcf7-text\" aria-invalid=\"false\" value=\"\" type=\"text\" name=\"Elternname\" \/><\/span> <\/label>\n<\/p>\n<p>Adresse<br \/>\n<span class=\"wpcf7-form-control-wrap\" data-name=\"Strasse\"><input size=\"40\" maxlength=\"400\" class=\"wpcf7-form-control wpcf7-text wpcf7-validates-as-required\" aria-required=\"true\" aria-invalid=\"false\" placeholder=\"Stra\u00dfe\/Hausnummer\" value=\"\" type=\"text\" name=\"Strasse\" \/><\/span><br \/>\n<span class=\"wpcf7-form-control-wrap\" data-name=\"Postleitzahl\"><input size=\"40\" maxlength=\"400\" class=\"wpcf7-form-control wpcf7-text wpcf7-validates-as-required\" aria-required=\"true\" aria-invalid=\"false\" placeholder=\"Postleitzahl\" value=\"\" type=\"text\" name=\"Postleitzahl\" \/><\/span><br \/>\n<span class=\"wpcf7-form-control-wrap\" data-name=\"Wohnort\"><input size=\"40\" maxlength=\"400\" class=\"wpcf7-form-control wpcf7-text wpcf7-validates-as-required\" aria-required=\"true\" aria-invalid=\"false\" placeholder=\"Wohnort\" value=\"\" type=\"text\" name=\"Wohnort\" \/><\/span>\n<\/p>\n<p><label> e-mail<br \/>\n<span class=\"wpcf7-form-control-wrap\" data-name=\"email\"><input size=\"40\" maxlength=\"400\" class=\"wpcf7-form-control wpcf7-email wpcf7-validates-as-required wpcf7-text wpcf7-validates-as-email\" aria-required=\"true\" aria-invalid=\"false\" placeholder=\"e-mail Adresse\" value=\"\" type=\"email\" name=\"email\" \/><\/span> <\/label>\n<\/p>\n<p><label> Telefonnummer<br \/>\n<span class=\"wpcf7-form-control-wrap\" data-name=\"Telefonnummer\"><input size=\"40\" maxlength=\"400\" class=\"wpcf7-form-control wpcf7-tel wpcf7-validates-as-required wpcf7-text wpcf7-validates-as-tel\" aria-required=\"true\" aria-invalid=\"false\" placeholder=\"Deine Telefonnummer\" value=\"\" type=\"tel\" name=\"Telefonnummer\" \/><\/span> <\/label>\n<\/p>\n<p><label> Abteilung<br \/>\n<span class=\"wpcf7-form-control-wrap\" data-name=\"Abteilung\"><select class=\"wpcf7-form-control wpcf7-select wpcf7-validates-as-required\" aria-required=\"true\" aria-invalid=\"false\" name=\"Abteilung\"><option value=\"Fu\u00dfball\">Fu\u00dfball<\/option><\/select><\/span> <\/label>\n<\/p>\n<p>Jahresbeitr\u00e4ge<br \/>\n<span class=\"wpcf7-form-control-wrap\" data-name=\"Jahresbeitrge\"><span class=\"wpcf7-form-control wpcf7-radio\"><span class=\"wpcf7-list-item first\"><label><input type=\"radio\" name=\"Jahresbeitrge\" value=\"Erwachsene: 84,00 \u20ac\" checked=\"checked\" \/><span class=\"wpcf7-list-item-label\">Erwachsene: 84,00 \u20ac<\/span><\/label><\/span><span class=\"wpcf7-list-item\"><label><input type=\"radio\" name=\"Jahresbeitrge\" value=\"Sch\u00fcler (bis 18 Jahre): 42,00 \u20ac\" \/><span class=\"wpcf7-list-item-label\">Sch\u00fcler (bis 18 Jahre): 42,00 \u20ac<\/span><\/label><\/span><span class=\"wpcf7-list-item last\"><label><input type=\"radio\" name=\"Jahresbeitrge\" value=\"Familienbeitrag: 126,00 \u20ac\" \/><span class=\"wpcf7-list-item-label\">Familienbeitrag: 126,00 \u20ac<\/span><\/label><\/span><\/span><\/span>\n<\/p>\n<p>Kontodaten<br \/>\n<span class=\"wpcf7-form-control-wrap\" data-name=\"Kontobesitzer\"><input size=\"40\" maxlength=\"400\" class=\"wpcf7-form-control wpcf7-text wpcf7-validates-as-required\" aria-required=\"true\" aria-invalid=\"false\" placeholder=\"Vor- und Nachname des Kontobesitzers\" value=\"\" type=\"text\" name=\"Kontobesitzer\" \/><\/span><br \/>\n<span class=\"wpcf7-form-control-wrap\" data-name=\"Bank\"><input size=\"40\" maxlength=\"400\" class=\"wpcf7-form-control wpcf7-text wpcf7-validates-as-required\" aria-required=\"true\" aria-invalid=\"false\" placeholder=\"Name der Bank\" value=\"\" type=\"text\" name=\"Bank\" \/><\/span><br \/>\n<span class=\"wpcf7-form-control-wrap\" data-name=\"IBAN\"><input size=\"40\" maxlength=\"400\" class=\"wpcf7-form-control wpcf7-text wpcf7-validates-as-required\" aria-required=\"true\" aria-invalid=\"false\" placeholder=\"IBAN\" value=\"\" type=\"text\" name=\"IBAN\" \/><\/span><br \/>\n<span class=\"wpcf7-form-control-wrap\" data-name=\"BIC\"><input size=\"40\" maxlength=\"400\" class=\"wpcf7-form-control wpcf7-text wpcf7-validates-as-required\" aria-required=\"true\" aria-invalid=\"false\" placeholder=\"BIC\" value=\"\" type=\"text\" name=\"BIC\" \/><\/span>\n<\/p>\n<p><label> Hiermit beantrage ich die Mitgliedschaft beim FC Viktoria 08 Neckarhausen e.V. zum:<br \/>\n<span class=\"wpcf7-form-control-wrap\" data-name=\"Aufnahmedatum\"><input class=\"wpcf7-form-control wpcf7-date wpcf7-validates-as-date\" aria-invalid=\"false\" placeholder=\"Hier Datum eintragen\" value=\"\" type=\"date\" name=\"Aufnahmedatum\" \/><\/span> <\/label>\n<\/p>\n<p><label> Einzugserm\u00e4chtigung<br \/>\n<span class=\"wpcf7-form-control-wrap\" data-name=\"Einzugsermaechtigung\"><span class=\"wpcf7-form-control wpcf7-acceptance\"><span class=\"wpcf7-list-item\"><label><input type=\"checkbox\" name=\"Einzugsermaechtigung\" value=\"1\" aria-invalid=\"false\" \/><span class=\"wpcf7-list-item-label\">Ich erm\u00e4chtige den FC Viktoria 08 Neckarhausen e.V., f\u00e4llige Beitr\u00e4ge mit dem SEPA-Verfahren von meinem oben benannten Konto abzubuchen. Die Beitr\u00e4ge sind Jahresbeitr\u00e4ge. Sie sind jeweils zum 1. Januar f\u00e4llig. Die Gl\u00e4ubiger-ID-Nr. des FC Viktoria 08 Neckarhausen e.V. lautet: DE35ZZZ00000816952<\/span><\/label><\/span><\/span><\/span> <\/label>\n<\/p>\n<p><label> Anerkennung der Satzung<br \/>\n<span class=\"wpcf7-form-control-wrap\" data-name=\"Anerkennung\"><span class=\"wpcf7-form-control wpcf7-acceptance optional\"><span class=\"wpcf7-list-item\"><label><input type=\"checkbox\" name=\"Anerkennung\" value=\"1\" aria-invalid=\"false\" \/><span class=\"wpcf7-list-item-label\">Durch Absenden des Anmeldeantrags erkenne ich die Satzung sowie die Beitragsordnung an.<\/span><\/label><\/span><\/span><\/span><br \/>\n<input class=\"wpcf7-form-control wpcf7-submit has-spinner\" type=\"submit\" value=\"Senden\" \/><\/label>\n<\/p><div class=\"wpcf7-response-output\" aria-hidden=\"true\"><\/div>\n<\/form>\n<\/div>\n<\/div>\n","protected":false},"excerpt":{"rendered":"","protected":false},"author":3,"featured_media":0,"parent":0,"menu_order":0,"comment_status":"closed","ping_status":"closed","template":"","meta":{"footnotes":""},"class_list":["post-5101","page","type-page","status-publish","hentry"],"_links":{"self":[{"href":"http:\/\/viktorianeckarhausen.de\/index.php?rest_route=\/wp\/v2\/pages\/5101","targetHints":{"allow":["GET"]}}],"collection":[{"href":"http:\/\/viktorianeckarhausen.de\/index.php?rest_route=\/wp\/v2\/pages"}],"about":[{"href":"http:\/\/viktorianeckarhausen.de\/index.php?rest_route=\/wp\/v2\/types\/page"}],"author":[{"embeddable":true,"href":"http:\/\/viktorianeckarhausen.de\/index.php?rest_route=\/wp\/v2\/users\/3"}],"replies":[{"embeddable":true,"href":"http:\/\/viktorianeckarhausen.de\/index.php?rest_route=%2Fwp%2Fv2%2Fcomments&post=5101"}],"version-history":[{"count":4,"href":"http:\/\/viktorianeckarhausen.de\/index.php?rest_route=\/wp\/v2\/pages\/5101\/revisions"}],"predecessor-version":[{"id":5105,"href":"http:\/\/viktorianeckarhausen.de\/index.php?rest_route=\/wp\/v2\/pages\/5101\/revisions\/5105"}],"wp:attachment":[{"href":"http:\/\/viktorianeckarhausen.de\/index.php?rest_route=%2Fwp%2Fv2%2Fmedia&parent=5101"}],"curies":[{"name":"wp","href":"https:\/\/api.w.org\/{rel}","templated":true}]}}